{"id":657,"date":"2026-02-24T09:57:16","date_gmt":"2026-02-24T08:57:16","guid":{"rendered":"https:\/\/aarbakke.wp1.hcweb.dev\/?page_id=657"},"modified":"2026-03-31T13:42:13","modified_gmt":"2026-03-31T11:42:13","slug":"welding","status":"publish","type":"page","link":"https:\/\/aarbakke.wp1.hcweb.dev\/nb\/welding\/","title":{"rendered":"Sveising"},"content":{"rendered":"<section class=\"bde-section-657-100 bde-section\">\n  \n  \n\t\n\n\n\n<div class=\"section-container\"><div class=\"bde-div-657-101 bde-div\">\n  \n  \n\t\n\n\n\n<a class=\"bde-container-link-657-154 bde-container-link breakdance-link\" href=\"\/nb\/services\/\" target=\"_self\" data-type=\"url\">\n  \n  \n\t\n\n\n\n<h2 class=\"bde-heading-657-102 bde-heading\">\nTJENESTER\n<\/h2>\n\n<\/a><h2 class=\"bde-heading-657-103 bde-heading\">\nSveising\n<\/h2>\n<\/div><div class=\"bde-div-657-104 bde-div\">\n  \n  \n\t\n\n\n\n\n<\/div><\/div>\n<\/section><section class=\"bde-section-657-140 bde-section\">\n  \n  \n\t\n\n\n\n<div class=\"section-container\"><h2 class=\"bde-heading-657-142 bde-heading\" data-entrance=\"fade\">\nWelding for reliability\n<\/h2><h3 class=\"bde-heading-657-143 bde-heading\" data-entrance=\"fade\">\nAdvanced cladding, buttering and pipe welding\n<\/h3><div class=\"bde-div-657-152 bde-div\">\n  \n  \n\t\n\n\n\n<div class=\"bde-div-657-141 bde-div\">\n  \n  \n\t\n\n\n\n<div class=\"bde-text-657-144 bde-text\" data-entrance=\"fade\">\nVed \u00e5 bruke flere automatiske sveisemaskiner og manuelle enheter er Aarbakke i stand til \u00e5 oppfylle krav som krever b\u00e5de store mengder og stor fleksibilitet.<br><br>Combining sophisticated equipment, competent personnel and a wide range of welding procedures, Aarbakke is the perfect partner for welding in low alloy, carbon steels and exotic materials. Our experienced welders and welding engineers work in close cooperation to select the optimal process and parameters for each component, ensuring structural integrity, dimensional accuracy and long-term performance. Whether the requirement is cladding, buttering or pipe welding, we focus on delivering repeatable results and high process stability.<br><br>Furthermore, Aarbakke operates in accordance with the most demanding procedural standard, ISO 3834-2.\u00a0All welding activities are performed under strict quality control, with documented procedures, qualified personnel and full traceability. This ensures that every weld meets the specified technical and regulatory requirements, providing our customers with confidence in both performance and compliance.\n<\/div><div class=\"bde-button-657-153 bde-button\">\n    \n                                    \n    \n    \n    \n    \n            \n                    \n            \n            \n\n    \n    \n    \n    \n    \n    <a class=\"breakdance-link button-atom button-atom--primary bde-button__button\" href=\"https:\/\/aarbakke.wp1.hcweb.dev\/wp-content\/uploads\/2026\/02\/utstyrsliste-sveiseavdeling-til-aarbakke.pdf\" target=\"_blank\" data-type=\"url\"  >\n\n    \n        <span class=\"button-atom__text\">Download equipment overview (pdf)<\/span>\n\n        \n        \n                <\/a>\n\n    \n\n\n<\/div>\n<\/div><div class=\"bde-div-657-148 bde-div\">\n  \n  \n\t\n\n\n\n<img decoding=\"async\" class=\"bde-image2-657-151 bde-image2\" src=\"https:\/\/aarbakke.wp1.hcweb.dev\/wp-content\/uploads\/2026\/03\/02.-WELDING.jpg\" loading=\"lazy\" srcset=\"https:\/\/aarbakke.wp1.hcweb.dev\/wp-content\/uploads\/2026\/03\/02.-WELDING.jpg 2458w, https:\/\/aarbakke.wp1.hcweb.dev\/wp-content\/uploads\/2026\/03\/02.-WELDING-300x139.jpg 300w, https:\/\/aarbakke.wp1.hcweb.dev\/wp-content\/uploads\/2026\/03\/02.-WELDING-1024x475.jpg 1024w, https:\/\/aarbakke.wp1.hcweb.dev\/wp-content\/uploads\/2026\/03\/02.-WELDING-768x357.jpg 768w, https:\/\/aarbakke.wp1.hcweb.dev\/wp-content\/uploads\/2026\/03\/02.-WELDING-1536x713.jpg 1536w, https:\/\/aarbakke.wp1.hcweb.dev\/wp-content\/uploads\/2026\/03\/02.-WELDING-2048x951.jpg 2048w\" sizes=\"(max-width: 2458px) 100vw, 2458px\">\n<\/div>\n<\/div><\/div>\n<\/section><section id=\"bd-fancy-section2\" class=\"bde-section-657-186 bde-section\">\n  \n  \n\t\n\n\n\n<div class=\"section-container\"><div class=\"bde-code-block-657-187 bde-code-block\" data-parallax=\"true\">\n\n  <section class=\"scroll-video-sveis-section\">\n\n  <div class=\"scroll-video-sveis-wrapper\">\n    <video \n        class=\"scroll-video-sveis\"\n        preload=\"auto\"\n        muted\n playsinline\n autoplay\n loop\n>\n        <source src=\"https:\/\/aarbakke.wp1.hcweb.dev\/wp-content\/uploads\/2026\/03\/Sveis-video.mov\" type=\"video\/mp4\">\n    <\/video>\n  <\/div>\n\n<\/section>\n\n\n<\/div><\/div>\n<\/section><section class=\"bde-section-657-177 bde-section\">\n  \n  \n\t\n\n\n\n<div class=\"section-container\"><div id=\"bde-12345\" class=\"bde-div-657-178 bde-div\">\n  \n  \n\t\n\n\n\n<div class=\"bde-div-657-179 bde-div\">\n  \n  \n\t\n\n\n\n<img decoding=\"async\" class=\"bde-image2-657-180 bde-image2\" src=\"https:\/\/aarbakke.wp1.hcweb.dev\/wp-content\/uploads\/2026\/03\/Sveis.jpg\" loading=\"lazy\" srcset=\"https:\/\/aarbakke.wp1.hcweb.dev\/wp-content\/uploads\/2026\/03\/Sveis.jpg 2464w, https:\/\/aarbakke.wp1.hcweb.dev\/wp-content\/uploads\/2026\/03\/Sveis-300x139.jpg 300w, https:\/\/aarbakke.wp1.hcweb.dev\/wp-content\/uploads\/2026\/03\/Sveis-1024x474.jpg 1024w, https:\/\/aarbakke.wp1.hcweb.dev\/wp-content\/uploads\/2026\/03\/Sveis-768x356.jpg 768w, https:\/\/aarbakke.wp1.hcweb.dev\/wp-content\/uploads\/2026\/03\/Sveis-1536x711.jpg 1536w, https:\/\/aarbakke.wp1.hcweb.dev\/wp-content\/uploads\/2026\/03\/Sveis-2048x948.jpg 2048w\" sizes=\"(max-width: 2464px) 100vw, 2464px\">\n<\/div><div class=\"bde-div-657-181 bde-div\" data-entrance=\"fade\">\n  \n  \n\t\n\n\n\n<h2 class=\"bde-heading-657-182 bde-heading\">\nHave a technical challenge?\n<\/h2><div class=\"bde-text-657-183 bde-text\">\nWhether you need engineering support in early concept development, design optimization, documentation, or production preparation, we are ready to assist.<br><br>Reach out to discuss your project requirements, timelines, and technical specifications. We will work with you to find a practical and efficient solution.\n<\/div><div class=\"bde-div-657-184 bde-div\">\n  \n  \n\t\n\n\n\n<div class=\"bde-button-657-185 bde-button\">\n    \n                                    \n    \n    \n    \n    \n            \n                    \n            \n            \n\n    \n    \n    \n    \n    \n    <a class=\"breakdance-link button-atom button-atom--primary bde-button__button\" href=\"\/nb\/contact\/\" target=\"_self\" data-type=\"url\"  >\n\n    \n        <span class=\"button-atom__text\">Kontakt<\/span>\n\n        \n        \n                <\/a>\n\n    \n\n\n<\/div>\n<\/div>\n<\/div>\n<\/div><\/div>\n<\/section>","protected":false},"excerpt":{"rendered":"<p>SERVICES Welding Welding for reliability Advanced cladding, buttering and pipe welding Via the process of operating multiple automatic welding machines and manual devices, Aarbakke is able to comply with demands that require both large quantities and great flexibility.Combining sophisticated equipment, competent personnel and a wide range of welding procedures, Aarbakke is the perfect partner for [&hellip;]<\/p>\n","protected":false},"author":2,"featured_media":0,"parent":0,"menu_order":0,"comment_status":"closed","ping_status":"closed","template":"","meta":{"_acf_changed":false,"_breakdance_hide_in_design_set":false,"_breakdance_tags":"","footnotes":""},"class_list":["post-657","page","type-page","status-publish","hentry"],"acf":[],"yoast_head":"<!-- This site is optimized with the Yoast SEO plugin v27.0 - https:\/\/yoast.com\/product\/yoast-seo-wordpress\/ -->\n<title>Welding - Aarbakke<\/title>\n<meta name=\"robots\" content=\"noindex, follow, max-snippet:-1, max-image-preview:large, max-video-preview:-1\" \/>\n<meta property=\"og:locale\" content=\"nb_NO\" \/>\n<meta property=\"og:type\" content=\"article\" \/>\n<meta property=\"og:title\" content=\"Welding - Aarbakke\" \/>\n<meta property=\"og:description\" content=\"SERVICES Welding Welding for reliability Advanced cladding, buttering and pipe welding Via the process of operating multiple automatic welding machines and manual devices, Aarbakke is able to comply with demands that require both large quantities and great flexibility.Combining sophisticated equipment, competent personnel and a wide range of welding procedures, Aarbakke is the perfect partner for [&hellip;]\" \/>\n<meta property=\"og:url\" content=\"https:\/\/aarbakke.wp1.hcweb.dev\/nb\/welding\/\" \/>\n<meta property=\"og:site_name\" content=\"Aarbakke\" \/>\n<meta property=\"article:modified_time\" content=\"2026-03-31T11:42:13+00:00\" \/>\n<meta name=\"twitter:card\" content=\"summary_large_image\" \/>\n<meta name=\"twitter:label1\" content=\"Ansl. lesetid\" \/>\n\t<meta name=\"twitter:data1\" content=\"4 minutter\" \/>\n<script type=\"application\/ld+json\" class=\"yoast-schema-graph\">{\"@context\":\"https:\/\/schema.org\",\"@graph\":[{\"@type\":\"WebPage\",\"@id\":\"https:\/\/aarbakke.wp1.hcweb.dev\/nb\/welding\/\",\"url\":\"https:\/\/aarbakke.wp1.hcweb.dev\/nb\/welding\/\",\"name\":\"Welding - Aarbakke\",\"isPartOf\":{\"@id\":\"https:\/\/aarbakke.wp1.hcweb.dev\/nb\/#website\"},\"datePublished\":\"2026-02-24T08:57:16+00:00\",\"dateModified\":\"2026-03-31T11:42:13+00:00\",\"breadcrumb\":{\"@id\":\"https:\/\/aarbakke.wp1.hcweb.dev\/nb\/welding\/#breadcrumb\"},\"inLanguage\":\"nb-NO\",\"potentialAction\":[{\"@type\":\"ReadAction\",\"target\":[\"https:\/\/aarbakke.wp1.hcweb.dev\/nb\/welding\/\"]}]},{\"@type\":\"BreadcrumbList\",\"@id\":\"https:\/\/aarbakke.wp1.hcweb.dev\/nb\/welding\/#breadcrumb\",\"itemListElement\":[{\"@type\":\"ListItem\",\"position\":1,\"name\":\"Home\",\"item\":\"https:\/\/aarbakke.wp1.hcweb.dev\/nb\/\"},{\"@type\":\"ListItem\",\"position\":2,\"name\":\"Welding\"}]},{\"@type\":\"WebSite\",\"@id\":\"https:\/\/aarbakke.wp1.hcweb.dev\/nb\/#website\",\"url\":\"https:\/\/aarbakke.wp1.hcweb.dev\/nb\/\",\"name\":\"Aarbakke\",\"description\":\"\",\"potentialAction\":[{\"@type\":\"SearchAction\",\"target\":{\"@type\":\"EntryPoint\",\"urlTemplate\":\"https:\/\/aarbakke.wp1.hcweb.dev\/nb\/?s={search_term_string}\"},\"query-input\":{\"@type\":\"PropertyValueSpecification\",\"valueRequired\":true,\"valueName\":\"search_term_string\"}}],\"inLanguage\":\"nb-NO\"}]}<\/script>\n<!-- \/ Yoast SEO plugin. -->","yoast_head_json":{"title":"Welding - Aarbakke","robots":{"index":"noindex","follow":"follow","max-snippet":"max-snippet:-1","max-image-preview":"max-image-preview:large","max-video-preview":"max-video-preview:-1"},"og_locale":"nb_NO","og_type":"article","og_title":"Welding - Aarbakke","og_description":"SERVICES Welding Welding for reliability Advanced cladding, buttering and pipe welding Via the process of operating multiple automatic welding machines and manual devices, Aarbakke is able to comply with demands that require both large quantities and great flexibility.Combining sophisticated equipment, competent personnel and a wide range of welding procedures, Aarbakke is the perfect partner for [&hellip;]","og_url":"https:\/\/aarbakke.wp1.hcweb.dev\/nb\/welding\/","og_site_name":"Aarbakke","article_modified_time":"2026-03-31T11:42:13+00:00","twitter_card":"summary_large_image","twitter_misc":{"Ansl. lesetid":"4 minutter"},"schema":{"@context":"https:\/\/schema.org","@graph":[{"@type":"WebPage","@id":"https:\/\/aarbakke.wp1.hcweb.dev\/nb\/welding\/","url":"https:\/\/aarbakke.wp1.hcweb.dev\/nb\/welding\/","name":"Welding - Aarbakke","isPartOf":{"@id":"https:\/\/aarbakke.wp1.hcweb.dev\/nb\/#website"},"datePublished":"2026-02-24T08:57:16+00:00","dateModified":"2026-03-31T11:42:13+00:00","breadcrumb":{"@id":"https:\/\/aarbakke.wp1.hcweb.dev\/nb\/welding\/#breadcrumb"},"inLanguage":"nb-NO","potentialAction":[{"@type":"ReadAction","target":["https:\/\/aarbakke.wp1.hcweb.dev\/nb\/welding\/"]}]},{"@type":"BreadcrumbList","@id":"https:\/\/aarbakke.wp1.hcweb.dev\/nb\/welding\/#breadcrumb","itemListElement":[{"@type":"ListItem","position":1,"name":"Home","item":"https:\/\/aarbakke.wp1.hcweb.dev\/nb\/"},{"@type":"ListItem","position":2,"name":"Welding"}]},{"@type":"WebSite","@id":"https:\/\/aarbakke.wp1.hcweb.dev\/nb\/#website","url":"https:\/\/aarbakke.wp1.hcweb.dev\/nb\/","name":"Aarbakke","description":"","potentialAction":[{"@type":"SearchAction","target":{"@type":"EntryPoint","urlTemplate":"https:\/\/aarbakke.wp1.hcweb.dev\/nb\/?s={search_term_string}"},"query-input":{"@type":"PropertyValueSpecification","valueRequired":true,"valueName":"search_term_string"}}],"inLanguage":"nb-NO"}]}},"_links":{"self":[{"href":"https:\/\/aarbakke.wp1.hcweb.dev\/nb\/wp-json\/wp\/v2\/pages\/657","targetHints":{"allow":["GET"]}}],"collection":[{"href":"https:\/\/aarbakke.wp1.hcweb.dev\/nb\/wp-json\/wp\/v2\/pages"}],"about":[{"href":"https:\/\/aarbakke.wp1.hcweb.dev\/nb\/wp-json\/wp\/v2\/types\/page"}],"author":[{"embeddable":true,"href":"https:\/\/aarbakke.wp1.hcweb.dev\/nb\/wp-json\/wp\/v2\/users\/2"}],"replies":[{"embeddable":true,"href":"https:\/\/aarbakke.wp1.hcweb.dev\/nb\/wp-json\/wp\/v2\/comments?post=657"}],"version-history":[{"count":41,"href":"https:\/\/aarbakke.wp1.hcweb.dev\/nb\/wp-json\/wp\/v2\/pages\/657\/revisions"}],"predecessor-version":[{"id":1881,"href":"https:\/\/aarbakke.wp1.hcweb.dev\/nb\/wp-json\/wp\/v2\/pages\/657\/revisions\/1881"}],"wp:attachment":[{"href":"https:\/\/aarbakke.wp1.hcweb.dev\/nb\/wp-json\/wp\/v2\/media?parent=657"}],"curies":[{"name":"wp","href":"https:\/\/api.w.org\/{rel}","templated":true}]}}