{"id":557,"date":"2026-02-23T08:12:31","date_gmt":"2026-02-23T07:12:31","guid":{"rendered":"https:\/\/aarbakke.wp1.hcweb.dev\/?page_id=557"},"modified":"2026-03-31T12:11:24","modified_gmt":"2026-03-31T10:11:24","slug":"news","status":"publish","type":"page","link":"https:\/\/aarbakke.wp1.hcweb.dev\/nb\/news\/","title":{"rendered":"Nyheter"},"content":{"rendered":"<section class=\"bde-section-557-111 bde-section\">\n  \n  \n\t\n\n\n\n<div class=\"section-container\"><div class=\"bde-div-557-112 bde-div\">\n  \n  \n\t\n\n\n\n<h2 class=\"bde-heading-557-113 bde-heading\">\nNYHETER\n<\/h2>\n<\/div><div class=\"bde-div-557-114 bde-div\">\n  \n  \n\t\n\n\n\n\n<\/div><\/div>\n<\/section><section class=\"bde-section-557-126 bde-section\">\n  \n  \n\t\n\n\n\n<div class=\"section-container\"><div class=\"bde-div-557-127 bde-div\">\n  \n  \n\t\n\n\n\n<h2 class=\"bde-heading-557-131 bde-heading\" data-entrance=\"fade\">\nUpdates from Aarbakke\n<\/h2><h1 class=\"bde-heading-557-138 bde-heading\">\nALLTID<span style=\"color:#E30813\">STORY<\/span>TELLER\n<\/h1><div class=\"bde-text-557-130 bde-text\" data-entrance=\"fade\">\nStay informed about what is happening at Aarbakke. Here we share company news, industry insights, milestones and events that reflect our commitment to quality, growth and continuous improvement.\n<\/div>\n<\/div><\/div>\n<\/section><section class=\"bde-section-557-136 bde-section\">\n  \n  \n\t\n\n\n\n<div class=\"section-container\"><div class=\"bde-post-loop-557-137 bde-post-loop\"><div class=\"bde-loop bde-loop-grid ee-posts ee-posts-grid\">    <article class=\"bde-loop-item ee-post\">\n        <a class=\"bde-container-link-916-110-866-916-1 bde-container-link bde-container-link-916-110 breakdance-link\" href=\"https:\/\/aarbakke.wp1.hcweb.dev\/nb\/nyheter\/rekordbesok-pa-aarbakke\/\" target=\"_self\" data-type=\"url\">\n  \n  \n\t\n\n\n\n<div class=\"bde-div-916-100-866-916-1 bde-div bde-div-916-100\">\n  \n  \n\t\n\n\n\n<img decoding=\"async\" class=\"bde-image2-916-103-866-916-1 bde-image2 bde-image2-916-103\" src=\"https:\/\/aarbakke.wp1.hcweb.dev\/wp-content\/uploads\/2026\/03\/574571633_1414514054007956_2603815927923898740_n.jpg\" loading=\"lazy\" srcset=\"https:\/\/aarbakke.wp1.hcweb.dev\/wp-content\/uploads\/2026\/03\/574571633_1414514054007956_2603815927923898740_n.jpg 1536w, https:\/\/aarbakke.wp1.hcweb.dev\/wp-content\/uploads\/2026\/03\/574571633_1414514054007956_2603815927923898740_n-225x300.jpg 225w, https:\/\/aarbakke.wp1.hcweb.dev\/wp-content\/uploads\/2026\/03\/574571633_1414514054007956_2603815927923898740_n-768x1024.jpg 768w, https:\/\/aarbakke.wp1.hcweb.dev\/wp-content\/uploads\/2026\/03\/574571633_1414514054007956_2603815927923898740_n-1152x1536.jpg 1152w\" sizes=\"(max-width: 1536px) 100vw, 1536px\"><div class=\"bde-div-916-107-866-916-1 bde-div bde-div-916-107\">\n  \n  \n\t\n\n\n\n<div class=\"bde-div-916-106-866-916-1 bde-div bde-div-916-106\">\n  \n  \n\t\n\n\n\n<h2 class=\"bde-heading-916-101-866-916-1 bde-heading bde-heading-916-101\">\n Rekordbes\u00f8k p\u00e5 Aarbakke\n<\/h2><div class=\"bde-text-916-102-866-916-1 bde-text bde-text-916-102\">\n\nI dag hadde vi storfint bes\u00f8k av den herlige gjengen fra Karadr\u00f8set - en fantastisk pensjonistgjeng samlet fra hele J\u00e6ren!\nHele 260-270 personer tok turen til oss for en omvisning og et innblikk i h...\n<\/div>\n<\/div><div class=\"bde-div-916-105-866-916-1 bde-div bde-div-916-105\">\n  \n  \n\t\n\n\n\n<div class=\"bde-text-916-109-866-916-1 bde-text bde-text-916-109\">\nLes mer \u2192...\n<\/div>\n<\/div>\n<\/div>\n<\/div>\n\n<\/a>    <\/article>\n    <article class=\"bde-loop-item ee-post\">\n        <a class=\"bde-container-link-916-110-819-916-1 bde-container-link bde-container-link-916-110 breakdance-link\" href=\"https:\/\/aarbakke.wp1.hcweb.dev\/nb\/nyheter\/test-nyhet\/\" target=\"_self\" data-type=\"url\">\n  \n  \n\t\n\n\n\n<div class=\"bde-div-916-100-819-916-1 bde-div bde-div-916-100\">\n  \n  \n\t\n\n\n\n<img decoding=\"async\" class=\"bde-image2-916-103-819-916-1 bde-image2 bde-image2-916-103\" src=\"https:\/\/aarbakke.wp1.hcweb.dev\/wp-content\/uploads\/2026\/02\/Skjermbilde-2026-02-06-kl.-15.54.59.png\" loading=\"lazy\" srcset=\"https:\/\/aarbakke.wp1.hcweb.dev\/wp-content\/uploads\/2026\/02\/Skjermbilde-2026-02-06-kl.-15.54.59.png 873w, https:\/\/aarbakke.wp1.hcweb.dev\/wp-content\/uploads\/2026\/02\/Skjermbilde-2026-02-06-kl.-15.54.59-300x298.png 300w, https:\/\/aarbakke.wp1.hcweb.dev\/wp-content\/uploads\/2026\/02\/Skjermbilde-2026-02-06-kl.-15.54.59-150x150.png 150w, https:\/\/aarbakke.wp1.hcweb.dev\/wp-content\/uploads\/2026\/02\/Skjermbilde-2026-02-06-kl.-15.54.59-768x764.png 768w\" sizes=\"(max-width: 873px) 100vw, 873px\"><div class=\"bde-div-916-107-819-916-1 bde-div bde-div-916-107\">\n  \n  \n\t\n\n\n\n<div class=\"bde-div-916-106-819-916-1 bde-div bde-div-916-106\">\n  \n  \n\t\n\n\n\n<h2 class=\"bde-heading-916-101-819-916-1 bde-heading bde-heading-916-101\">\nAarbakke p\u00e5 KLEPPTECH\n<\/h2><div class=\"bde-text-916-102-819-916-1 bde-text bde-text-916-102\">\n\n I morgen, torsdag, g\u00e5r Klepptech av stabelen - og Aarbakke er selvf\u00f8lgelig p\u00e5 plass!\n\n\nDu finner oss p\u00e5 egen stand i Orrehallen mellom 09.00 - 16.00 , klare for en skikkelig dr\u00f8s om teknologi,...\n<\/div>\n<\/div><div class=\"bde-div-916-105-819-916-1 bde-div bde-div-916-105\">\n  \n  \n\t\n\n\n\n<div class=\"bde-text-916-109-819-916-1 bde-text bde-text-916-109\">\nLes mer \u2192...\n<\/div>\n<\/div>\n<\/div>\n<\/div>\n\n<\/a>    <\/article>\n<\/div>\r\n<\/div><\/div>\n<\/section><section class=\"bde-section-557-139 bde-section\">\n  \n  \n\t\n\n\n\n<div class=\"section-container\"><div id=\"bde-12345\" class=\"bde-div-557-140 bde-div\">\n  \n  \n\t\n\n\n\n<div class=\"bde-div-557-141 bde-div\">\n  \n  \n\t\n\n\n\n<div class=\"bde-div-557-142 bde-div employee-card\">\n  \n  \n\t\n\n\n\n<div id=\"special\" class=\"bde-div-557-143 bde-div\">\n  \n  \n\t\n\n\n\n\n<\/div><h2 id=\"employee-name\" class=\"bde-heading-557-144 bde-heading\">\nReid Skj\u00e6rpe\n<\/h2><div class=\"bde-text-557-145 bde-text\">\nNEW BUSINESS DEVELOPMENT<br>+47 930 07 278<br>email:\n<\/div>\n<\/div>\n<\/div><div class=\"bde-div-557-146 bde-div\" data-entrance=\"fade\">\n  \n  \n\t\n\n\n\n<h2 class=\"bde-heading-557-147 bde-heading\">\nHave a technical challenge?\n<\/h2><div class=\"bde-text-557-148 bde-text\">\nWhether you need engineering support in early concept development, design optimization, documentation, or production preparation, we are ready to assist.<br><br>Reach out to discuss your project requirements, timelines, and technical specifications. We will work with you to find a practical and efficient solution.\n<\/div><div class=\"bde-div-557-149 bde-div\">\n  \n  \n\t\n\n\n\n<div class=\"bde-button-557-150 bde-button\">\n    \n                                    \n    \n    \n    \n    \n            \n                    \n            \n            \n\n    \n    \n    \n    \n    \n    <a class=\"breakdance-link button-atom button-atom--primary bde-button__button\" href=\"tel:+47 930 07 278\" target=\"_self\" data-type=\"contact\"  >\n\n    \n        <span class=\"button-atom__text\">Call<\/span>\n\n        \n        \n                <\/a>\n\n    \n\n\n<\/div><div class=\"bde-button-557-151 bde-button\">\n    \n                                    \n    \n    \n    \n    \n            \n            <button type=\"button\" class=\"button-atom button-atom--primary bde-button__button\"  >\n    \n        <span class=\"button-atom__text\">Send Email<\/span>\n\n        \n        \n            <\/button>\n    \n\n\n<\/div>\n<\/div>\n<\/div>\n<\/div><\/div>\n<\/section>","protected":false},"excerpt":{"rendered":"<p>NEWS Updates from Aarbakke EVERYSTORYCOUNTS Stay informed about what is happening at Aarbakke. Here we share company news, industry insights, milestones and events that reflect our commitment to quality, growth and continuous improvement. Rekordbes\u00f8k p\u00e5 Aarbakke I dag hadde vi storfint bes\u00f8k av den herlige gjengen fra Karadr\u00f8set \u2013 en fantastisk pensjonistgjeng samlet fra hele [&hellip;]<\/p>\n","protected":false},"author":2,"featured_media":0,"parent":0,"menu_order":0,"comment_status":"closed","ping_status":"closed","template":"","meta":{"_acf_changed":false,"_breakdance_hide_in_design_set":false,"_breakdance_tags":"","footnotes":""},"class_list":["post-557","page","type-page","status-publish","hentry"],"acf":[],"yoast_head":"<!-- This site is optimized with the Yoast SEO plugin v27.0 - https:\/\/yoast.com\/product\/yoast-seo-wordpress\/ -->\n<title>News - Aarbakke<\/title>\n<meta name=\"robots\" content=\"noindex, follow, max-snippet:-1, max-image-preview:large, max-video-preview:-1\" \/>\n<meta property=\"og:locale\" content=\"nb_NO\" \/>\n<meta property=\"og:type\" content=\"article\" \/>\n<meta property=\"og:title\" content=\"News - Aarbakke\" \/>\n<meta property=\"og:description\" content=\"NEWS Updates from Aarbakke EVERYSTORYCOUNTS Stay informed about what is happening at Aarbakke. Here we share company news, industry insights, milestones and events that reflect our commitment to quality, growth and continuous improvement. Rekordbes\u00f8k p\u00e5 Aarbakke I dag hadde vi storfint bes\u00f8k av den herlige gjengen fra Karadr\u00f8set \u2013 en fantastisk pensjonistgjeng samlet fra hele [&hellip;]\" \/>\n<meta property=\"og:url\" content=\"https:\/\/aarbakke.wp1.hcweb.dev\/nb\/news\/\" \/>\n<meta property=\"og:site_name\" content=\"Aarbakke\" \/>\n<meta property=\"article:modified_time\" content=\"2026-03-31T10:11:24+00:00\" \/>\n<meta name=\"twitter:card\" content=\"summary_large_image\" \/>\n<script type=\"application\/ld+json\" class=\"yoast-schema-graph\">{\"@context\":\"https:\/\/schema.org\",\"@graph\":[{\"@type\":\"WebPage\",\"@id\":\"https:\/\/aarbakke.wp1.hcweb.dev\/nb\/news\/\",\"url\":\"https:\/\/aarbakke.wp1.hcweb.dev\/nb\/news\/\",\"name\":\"News - Aarbakke\",\"isPartOf\":{\"@id\":\"https:\/\/aarbakke.wp1.hcweb.dev\/nb\/#website\"},\"datePublished\":\"2026-02-23T07:12:31+00:00\",\"dateModified\":\"2026-03-31T10:11:24+00:00\",\"breadcrumb\":{\"@id\":\"https:\/\/aarbakke.wp1.hcweb.dev\/nb\/news\/#breadcrumb\"},\"inLanguage\":\"nb-NO\",\"potentialAction\":[{\"@type\":\"ReadAction\",\"target\":[\"https:\/\/aarbakke.wp1.hcweb.dev\/nb\/news\/\"]}]},{\"@type\":\"BreadcrumbList\",\"@id\":\"https:\/\/aarbakke.wp1.hcweb.dev\/nb\/news\/#breadcrumb\",\"itemListElement\":[{\"@type\":\"ListItem\",\"position\":1,\"name\":\"Home\",\"item\":\"https:\/\/aarbakke.wp1.hcweb.dev\/nb\/\"},{\"@type\":\"ListItem\",\"position\":2,\"name\":\"News\"}]},{\"@type\":\"WebSite\",\"@id\":\"https:\/\/aarbakke.wp1.hcweb.dev\/nb\/#website\",\"url\":\"https:\/\/aarbakke.wp1.hcweb.dev\/nb\/\",\"name\":\"Aarbakke\",\"description\":\"\",\"potentialAction\":[{\"@type\":\"SearchAction\",\"target\":{\"@type\":\"EntryPoint\",\"urlTemplate\":\"https:\/\/aarbakke.wp1.hcweb.dev\/nb\/?s={search_term_string}\"},\"query-input\":{\"@type\":\"PropertyValueSpecification\",\"valueRequired\":true,\"valueName\":\"search_term_string\"}}],\"inLanguage\":\"nb-NO\"}]}<\/script>\n<!-- \/ Yoast SEO plugin. -->","yoast_head_json":{"title":"News - Aarbakke","robots":{"index":"noindex","follow":"follow","max-snippet":"max-snippet:-1","max-image-preview":"max-image-preview:large","max-video-preview":"max-video-preview:-1"},"og_locale":"nb_NO","og_type":"article","og_title":"News - Aarbakke","og_description":"NEWS Updates from Aarbakke EVERYSTORYCOUNTS Stay informed about what is happening at Aarbakke. Here we share company news, industry insights, milestones and events that reflect our commitment to quality, growth and continuous improvement. Rekordbes\u00f8k p\u00e5 Aarbakke I dag hadde vi storfint bes\u00f8k av den herlige gjengen fra Karadr\u00f8set \u2013 en fantastisk pensjonistgjeng samlet fra hele [&hellip;]","og_url":"https:\/\/aarbakke.wp1.hcweb.dev\/nb\/news\/","og_site_name":"Aarbakke","article_modified_time":"2026-03-31T10:11:24+00:00","twitter_card":"summary_large_image","schema":{"@context":"https:\/\/schema.org","@graph":[{"@type":"WebPage","@id":"https:\/\/aarbakke.wp1.hcweb.dev\/nb\/news\/","url":"https:\/\/aarbakke.wp1.hcweb.dev\/nb\/news\/","name":"News - Aarbakke","isPartOf":{"@id":"https:\/\/aarbakke.wp1.hcweb.dev\/nb\/#website"},"datePublished":"2026-02-23T07:12:31+00:00","dateModified":"2026-03-31T10:11:24+00:00","breadcrumb":{"@id":"https:\/\/aarbakke.wp1.hcweb.dev\/nb\/news\/#breadcrumb"},"inLanguage":"nb-NO","potentialAction":[{"@type":"ReadAction","target":["https:\/\/aarbakke.wp1.hcweb.dev\/nb\/news\/"]}]},{"@type":"BreadcrumbList","@id":"https:\/\/aarbakke.wp1.hcweb.dev\/nb\/news\/#breadcrumb","itemListElement":[{"@type":"ListItem","position":1,"name":"Home","item":"https:\/\/aarbakke.wp1.hcweb.dev\/nb\/"},{"@type":"ListItem","position":2,"name":"News"}]},{"@type":"WebSite","@id":"https:\/\/aarbakke.wp1.hcweb.dev\/nb\/#website","url":"https:\/\/aarbakke.wp1.hcweb.dev\/nb\/","name":"Aarbakke","description":"","potentialAction":[{"@type":"SearchAction","target":{"@type":"EntryPoint","urlTemplate":"https:\/\/aarbakke.wp1.hcweb.dev\/nb\/?s={search_term_string}"},"query-input":{"@type":"PropertyValueSpecification","valueRequired":true,"valueName":"search_term_string"}}],"inLanguage":"nb-NO"}]}},"_links":{"self":[{"href":"https:\/\/aarbakke.wp1.hcweb.dev\/nb\/wp-json\/wp\/v2\/pages\/557","targetHints":{"allow":["GET"]}}],"collection":[{"href":"https:\/\/aarbakke.wp1.hcweb.dev\/nb\/wp-json\/wp\/v2\/pages"}],"about":[{"href":"https:\/\/aarbakke.wp1.hcweb.dev\/nb\/wp-json\/wp\/v2\/types\/page"}],"author":[{"embeddable":true,"href":"https:\/\/aarbakke.wp1.hcweb.dev\/nb\/wp-json\/wp\/v2\/users\/2"}],"replies":[{"embeddable":true,"href":"https:\/\/aarbakke.wp1.hcweb.dev\/nb\/wp-json\/wp\/v2\/comments?post=557"}],"version-history":[{"count":76,"href":"https:\/\/aarbakke.wp1.hcweb.dev\/nb\/wp-json\/wp\/v2\/pages\/557\/revisions"}],"predecessor-version":[{"id":1852,"href":"https:\/\/aarbakke.wp1.hcweb.dev\/nb\/wp-json\/wp\/v2\/pages\/557\/revisions\/1852"}],"wp:attachment":[{"href":"https:\/\/aarbakke.wp1.hcweb.dev\/nb\/wp-json\/wp\/v2\/media?parent=557"}],"curies":[{"name":"wp","href":"https:\/\/api.w.org\/{rel}","templated":true}]}}